{"id":836,"date":"2015-06-03T19:33:01","date_gmt":"2015-06-03T19:33:01","guid":{"rendered":"http:\/\/atualferramentas.com.br\/site\/?post_type=product&#038;p=836"},"modified":"2015-06-09T20:15:01","modified_gmt":"2015-06-09T20:15:01","slug":"lixadeira-orbital-52351-fh-pneutrend","status":"publish","type":"product","link":"http:\/\/atualferramentas.com.br\/site\/produto\/lixadeira-orbital-52351-fh-pneutrend\/","title":{"rendered":"Lixadeira Orbital 52351-FH Pneutrend"},"content":{"rendered":"","protected":false},"excerpt":{"rendered":"<p>Lixadeira Orbital 52351-FH Pneutrend<\/p>\n<p>Modelo: 52351-FH<\/p>\n<p>Descri\u00e7\u00e3o: Lixadeira Orbital Pneum\u00e1tica 5\u201d Oil Free<\/p>\n<p>Velocidade: 12000 RPM<\/p>\n<p>Entrada de Ar: 1\/4\u201d<\/p>\n<p>Consumo de Ar: 62 LPM<\/p>\n<p>Press\u00e3o de Trabalho: 6,2 Bar<\/p>\n<p>Comprimento: 215 mm<\/p>\n<p>Peso: 0,85 Kg<\/p>\n<p>Vibra\u00e7\u00e3o: 2,5 m\/s\u00b2<br \/>\n<iframe loading=\"lazy\" width=\"420\" height=\"315\" src=\"https:\/\/www.youtube.com\/embed\/W6DLUHgw3C0\" frameborder=\"0\" allowfullscreen><\/iframe><\/p>\n","protected":false},"featured_media":837,"comment_status":"closed","ping_status":"closed","template":"","meta":[],"product_cat":[19],"product_tag":[],"_links":{"self":[{"href":"http:\/\/atualferramentas.com.br\/site\/wp-json\/wp\/v2\/product\/836"}],"collection":[{"href":"http:\/\/atualferramentas.com.br\/site\/wp-json\/wp\/v2\/product"}],"about":[{"href":"http:\/\/atualferramentas.com.br\/site\/wp-json\/wp\/v2\/types\/product"}],"replies":[{"embeddable":true,"href":"http:\/\/atualferramentas.com.br\/site\/wp-json\/wp\/v2\/comments?post=836"}],"wp:featuredmedia":[{"embeddable":true,"href":"http:\/\/atualferramentas.com.br\/site\/wp-json\/wp\/v2\/media\/837"}],"wp:attachment":[{"href":"http:\/\/atualferramentas.com.br\/site\/wp-json\/wp\/v2\/media?parent=836"}],"wp:term":[{"taxonomy":"product_cat","embeddable":true,"href":"http:\/\/atualferramentas.com.br\/site\/wp-json\/wp\/v2\/product_cat?post=836"},{"taxonomy":"product_tag","embeddable":true,"href":"http:\/\/atualferramentas.com.br\/site\/wp-json\/wp\/v2\/product_tag?post=836"}],"curies":[{"name":"wp","href":"https:\/\/api.w.org\/{rel}","templated":true}]}}