{"id":886,"date":"2015-06-17T11:12:08","date_gmt":"2015-06-17T11:12:08","guid":{"rendered":"http:\/\/atualferramentas.com.br\/?post_type=product&#038;p=886"},"modified":"2015-06-17T12:24:04","modified_gmt":"2015-06-17T12:24:04","slug":"apertadeira-eletrica-teswa","status":"publish","type":"product","link":"http:\/\/atualferramentas.com.br\/site\/produto\/apertadeira-eletrica-teswa\/","title":{"rendered":"Apertadeira El\u00e9trica TESWA"},"content":{"rendered":"","protected":false},"excerpt":{"rendered":"<p>Descri\u00e7\u00e3o : Apertadeira El\u00e9trica TESWA<br \/>\nVelocidade Livre: 9 a 21 RPM<br \/>\nVoltagem : 220-240 V AC 50\/60 HZ<br \/>\nExatid\u00e3o : \u00b1 3 a \u00b1 5%<br \/>\nTorque: 80 a 1200 Nm<br \/>\nEncaixe : 3\/4&#039;&#039; a 1&#039;&#039;<br \/>\nComprimento : 400 mm<br \/>\nPeso : 5,5 Kg<\/p>\n<p>DIsplay Digital de Controle de Torque<\/p>\n<p><a href=\"http:\/\/atualferramentas.com.br\/site\/wp-content\/uploads\/2015\/06\/teste.jpg\"><img loading=\"lazy\" src=\"http:\/\/atualferramentas.com.br\/site\/wp-content\/uploads\/2015\/06\/teste.jpg\" alt=\"teste\" width=\"420\" height=\"252\" class=\"alignnone size-full wp-image-891\" srcset=\"http:\/\/atualferramentas.com.br\/site\/wp-content\/uploads\/2015\/06\/teste.jpg 420w, http:\/\/atualferramentas.com.br\/site\/wp-content\/uploads\/2015\/06\/teste-300x180.jpg 300w\" sizes=\"(max-width: 420px) 100vw, 420px\" \/><\/a><\/p>\n","protected":false},"featured_media":892,"comment_status":"closed","ping_status":"closed","template":"","meta":[],"product_cat":[33],"product_tag":[],"_links":{"self":[{"href":"http:\/\/atualferramentas.com.br\/site\/wp-json\/wp\/v2\/product\/886"}],"collection":[{"href":"http:\/\/atualferramentas.com.br\/site\/wp-json\/wp\/v2\/product"}],"about":[{"href":"http:\/\/atualferramentas.com.br\/site\/wp-json\/wp\/v2\/types\/product"}],"replies":[{"embeddable":true,"href":"http:\/\/atualferramentas.com.br\/site\/wp-json\/wp\/v2\/comments?post=886"}],"wp:featuredmedia":[{"embeddable":true,"href":"http:\/\/atualferramentas.com.br\/site\/wp-json\/wp\/v2\/media\/892"}],"wp:attachment":[{"href":"http:\/\/atualferramentas.com.br\/site\/wp-json\/wp\/v2\/media?parent=886"}],"wp:term":[{"taxonomy":"product_cat","embeddable":true,"href":"http:\/\/atualferramentas.com.br\/site\/wp-json\/wp\/v2\/product_cat?post=886"},{"taxonomy":"product_tag","embeddable":true,"href":"http:\/\/atualferramentas.com.br\/site\/wp-json\/wp\/v2\/product_tag?post=886"}],"curies":[{"name":"wp","href":"https:\/\/api.w.org\/{rel}","templated":true}]}}