{"id":893,"date":"2015-06-17T11:41:30","date_gmt":"2015-06-17T11:41:30","guid":{"rendered":"http:\/\/atualferramentas.com.br\/?post_type=product&#038;p=893"},"modified":"2015-06-17T12:23:28","modified_gmt":"2015-06-17T12:23:28","slug":"apertadeira-eletrica-digital-angular-tetwa-a","status":"publish","type":"product","link":"http:\/\/atualferramentas.com.br\/site\/produto\/apertadeira-eletrica-digital-angular-tetwa-a\/","title":{"rendered":"Apertadeira El\u00e9trica Digital Angular TETWA-A"},"content":{"rendered":"","protected":false},"excerpt":{"rendered":"<p>Descri\u00e7\u00e3o : Apertadeira El\u00e9trica Digital Angular TETWA-A<br \/>\nVelocidade Livre: 1,3 a 24 RPM<br \/>\nVoltagem : 220-240 V AC 50\/60 HZ<br \/>\nExatid\u00e3o : \u00b1 3 a \u00b1 5%<br \/>\nTorque: 100 a 12.000 Nm<br \/>\nEncaixe : 3\/4&#039;&#039;, 1&#039;&#039; E 1.1\/2&#039;&#039;<br \/>\nComprimento : 378 mm<br \/>\nPeso : 7,9 A 19,6 Kg<br \/>\nDIsplay Digital de Controle de Torque<br \/>\n<a href=\"http:\/\/atualferramentas.com.br\/site\/wp-content\/uploads\/2015\/06\/F20-TESTE.jpg\"><img loading=\"lazy\" src=\"http:\/\/atualferramentas.com.br\/site\/wp-content\/uploads\/2015\/06\/F20-TESTE.jpg\" alt=\"F20-TESTE\" width=\"620\" height=\"497\" class=\"alignnone size-full wp-image-895\" srcset=\"http:\/\/atualferramentas.com.br\/site\/wp-content\/uploads\/2015\/06\/F20-TESTE.jpg 620w, http:\/\/atualferramentas.com.br\/site\/wp-content\/uploads\/2015\/06\/F20-TESTE-300x240.jpg 300w, http:\/\/atualferramentas.com.br\/site\/wp-content\/uploads\/2015\/06\/F20-TESTE-510x409.jpg 510w\" sizes=\"(max-width: 620px) 100vw, 620px\" \/><\/a><\/p>\n","protected":false},"featured_media":894,"comment_status":"closed","ping_status":"closed","template":"","meta":[],"product_cat":[33],"product_tag":[],"_links":{"self":[{"href":"http:\/\/atualferramentas.com.br\/site\/wp-json\/wp\/v2\/product\/893"}],"collection":[{"href":"http:\/\/atualferramentas.com.br\/site\/wp-json\/wp\/v2\/product"}],"about":[{"href":"http:\/\/atualferramentas.com.br\/site\/wp-json\/wp\/v2\/types\/product"}],"replies":[{"embeddable":true,"href":"http:\/\/atualferramentas.com.br\/site\/wp-json\/wp\/v2\/comments?post=893"}],"wp:featuredmedia":[{"embeddable":true,"href":"http:\/\/atualferramentas.com.br\/site\/wp-json\/wp\/v2\/media\/894"}],"wp:attachment":[{"href":"http:\/\/atualferramentas.com.br\/site\/wp-json\/wp\/v2\/media?parent=893"}],"wp:term":[{"taxonomy":"product_cat","embeddable":true,"href":"http:\/\/atualferramentas.com.br\/site\/wp-json\/wp\/v2\/product_cat?post=893"},{"taxonomy":"product_tag","embeddable":true,"href":"http:\/\/atualferramentas.com.br\/site\/wp-json\/wp\/v2\/product_tag?post=893"}],"curies":[{"name":"wp","href":"https:\/\/api.w.org\/{rel}","templated":true}]}}