{"id":900,"date":"2015-06-17T12:01:24","date_gmt":"2015-06-17T12:01:24","guid":{"rendered":"http:\/\/atualferramentas.com.br\/?post_type=product&#038;p=900"},"modified":"2015-06-17T12:24:56","modified_gmt":"2015-06-17T12:24:56","slug":"apertadeira-pneumatica-tpswa","status":"publish","type":"product","link":"http:\/\/atualferramentas.com.br\/site\/produto\/apertadeira-pneumatica-tpswa\/","title":{"rendered":"Apertadeira Pneum\u00e1tica TPSWA"},"content":{"rendered":"","protected":false},"excerpt":{"rendered":"<p>Descri\u00e7\u00e3o : Apertadeira Pneum\u00e1tica TPSWA<br \/>\nVelocidade Livre: 8 a 23 RPM<br \/>\nPress\u00e3o de Trabalho : 6 bar<br \/>\nN\u00edvel de Ru\u00eddo : 80 Dba<br \/>\nExatid\u00e3o : \u00b1 3 a \u00b1 5%<br \/>\nTorque: 75 a 2400 Nm<br \/>\nEncaixe : 3\/4&#039;&#039; a 1&#039;&#039;<br \/>\nComprimento : 307 mm<br \/>\nPeso : 4,9 a 5,8 Kg<\/p>\n<p><a href=\"http:\/\/atualferramentas.com.br\/site\/wp-content\/uploads\/2015\/06\/F22-TESTE.jpg\"><img loading=\"lazy\" src=\"http:\/\/atualferramentas.com.br\/site\/wp-content\/uploads\/2015\/06\/F22-TESTE.jpg\" alt=\"F22-TESTE\" width=\"383\" height=\"300\" class=\"alignnone size-full wp-image-902\" srcset=\"http:\/\/atualferramentas.com.br\/site\/wp-content\/uploads\/2015\/06\/F22-TESTE.jpg 383w, http:\/\/atualferramentas.com.br\/site\/wp-content\/uploads\/2015\/06\/F22-TESTE-300x235.jpg 300w\" sizes=\"(max-width: 383px) 100vw, 383px\" \/><\/a><\/p>\n","protected":false},"featured_media":903,"comment_status":"closed","ping_status":"closed","template":"","meta":[],"product_cat":[33],"product_tag":[],"_links":{"self":[{"href":"http:\/\/atualferramentas.com.br\/site\/wp-json\/wp\/v2\/product\/900"}],"collection":[{"href":"http:\/\/atualferramentas.com.br\/site\/wp-json\/wp\/v2\/product"}],"about":[{"href":"http:\/\/atualferramentas.com.br\/site\/wp-json\/wp\/v2\/types\/product"}],"replies":[{"embeddable":true,"href":"http:\/\/atualferramentas.com.br\/site\/wp-json\/wp\/v2\/comments?post=900"}],"wp:featuredmedia":[{"embeddable":true,"href":"http:\/\/atualferramentas.com.br\/site\/wp-json\/wp\/v2\/media\/903"}],"wp:attachment":[{"href":"http:\/\/atualferramentas.com.br\/site\/wp-json\/wp\/v2\/media?parent=900"}],"wp:term":[{"taxonomy":"product_cat","embeddable":true,"href":"http:\/\/atualferramentas.com.br\/site\/wp-json\/wp\/v2\/product_cat?post=900"},{"taxonomy":"product_tag","embeddable":true,"href":"http:\/\/atualferramentas.com.br\/site\/wp-json\/wp\/v2\/product_tag?post=900"}],"curies":[{"name":"wp","href":"https:\/\/api.w.org\/{rel}","templated":true}]}}