{"id":904,"date":"2015-06-17T12:18:33","date_gmt":"2015-06-17T12:18:33","guid":{"rendered":"http:\/\/atualferramentas.com.br\/?post_type=product&#038;p=904"},"modified":"2015-06-17T12:21:59","modified_gmt":"2015-06-17T12:21:59","slug":"apertadeira-pneumatica-tqptwa","status":"publish","type":"product","link":"http:\/\/atualferramentas.com.br\/site\/produto\/apertadeira-pneumatica-tqptwa\/","title":{"rendered":"Apertadeira Pneum\u00e1tica TQPTWA"},"content":{"rendered":"","protected":false},"excerpt":{"rendered":"<p>Descri\u00e7\u00e3o : Apertadeira Pneum\u00e1tica TQPTWA<br \/>\nVelocidade Livre: 1,8 a 28 RPM<br \/>\nPress\u00e3o de Trabalho : 6 bar<br \/>\nN\u00edvel de Ru\u00eddo : 80 Dba<br \/>\nExatid\u00e3o : \u00b1 3 a \u00b1 5%<br \/>\nTorque: 135 a 13.000 Nm<br \/>\nEncaixe : 1&#039;&#039; a 1.1\/2&#039;&#039;<br \/>\nComprimento : 365 a 484 mm<br \/>\nPeso : 5,8 a 17,4 Kg<br \/>\n<a href=\"http:\/\/atualferramentas.com.br\/site\/wp-content\/uploads\/2015\/06\/F14-TESTE.jpg\"><img loading=\"lazy\" src=\"http:\/\/atualferramentas.com.br\/site\/wp-content\/uploads\/2015\/06\/F14-TESTE.jpg\" alt=\"F14- TESTE\" width=\"344\" height=\"431\" class=\"alignnone size-full wp-image-905\" srcset=\"http:\/\/atualferramentas.com.br\/site\/wp-content\/uploads\/2015\/06\/F14-TESTE.jpg 344w, http:\/\/atualferramentas.com.br\/site\/wp-content\/uploads\/2015\/06\/F14-TESTE-239x300.jpg 239w\" sizes=\"(max-width: 344px) 100vw, 344px\" \/><\/a><br \/>\n<a href=\"http:\/\/atualferramentas.com.br\/site\/wp-content\/uploads\/2015\/06\/F13-TESTE.jpg\"><img loading=\"lazy\" src=\"http:\/\/atualferramentas.com.br\/site\/wp-content\/uploads\/2015\/06\/F13-TESTE.jpg\" alt=\"F13- TESTE\" width=\"343\" height=\"537\" class=\"alignnone size-full wp-image-908\" srcset=\"http:\/\/atualferramentas.com.br\/site\/wp-content\/uploads\/2015\/06\/F13-TESTE.jpg 343w, http:\/\/atualferramentas.com.br\/site\/wp-content\/uploads\/2015\/06\/F13-TESTE-192x300.jpg 192w\" sizes=\"(max-width: 343px) 100vw, 343px\" \/><\/a><\/p>\n","protected":false},"featured_media":906,"comment_status":"closed","ping_status":"closed","template":"","meta":[],"product_cat":[33],"product_tag":[],"_links":{"self":[{"href":"http:\/\/atualferramentas.com.br\/site\/wp-json\/wp\/v2\/product\/904"}],"collection":[{"href":"http:\/\/atualferramentas.com.br\/site\/wp-json\/wp\/v2\/product"}],"about":[{"href":"http:\/\/atualferramentas.com.br\/site\/wp-json\/wp\/v2\/types\/product"}],"replies":[{"embeddable":true,"href":"http:\/\/atualferramentas.com.br\/site\/wp-json\/wp\/v2\/comments?post=904"}],"wp:featuredmedia":[{"embeddable":true,"href":"http:\/\/atualferramentas.com.br\/site\/wp-json\/wp\/v2\/media\/906"}],"wp:attachment":[{"href":"http:\/\/atualferramentas.com.br\/site\/wp-json\/wp\/v2\/media?parent=904"}],"wp:term":[{"taxonomy":"product_cat","embeddable":true,"href":"http:\/\/atualferramentas.com.br\/site\/wp-json\/wp\/v2\/product_cat?post=904"},{"taxonomy":"product_tag","embeddable":true,"href":"http:\/\/atualferramentas.com.br\/site\/wp-json\/wp\/v2\/product_tag?post=904"}],"curies":[{"name":"wp","href":"https:\/\/api.w.org\/{rel}","templated":true}]}}