{"id":666,"date":"2012-08-13T13:46:12","date_gmt":"2012-08-13T13:46:12","guid":{"rendered":"http:\/\/atualferramentas.com.br\/novo\/?page_id=7"},"modified":"2015-06-09T20:09:38","modified_gmt":"2015-06-09T20:09:38","slug":"empresa","status":"publish","type":"page","link":"https:\/\/atualferramentas.com.br\/site\/empresa\/","title":{"rendered":"Empresa"},"content":{"rendered":"<div class=\"et_pb_section et_section_regular\">\n\t\t\t\n\t\t\t\n\t\t\t\t\n\t\t\t\t<div class=\"et_pb_row\">\n\t\t\t<div class=\"et_pb_column et_pb_column_4_4\">\n\t\t\t<div class=\"et_pb_text et_pb_bg_layout_light et_pb_text_align_left\">\n\t\t\t\n<p>Gerar solu\u00e7\u00f5es em ferramentas pneum\u00e1ticas, esta \u00e9 a miss\u00e3o da ATUAL FERRAMENTAS, uma empresa din\u00e2mica e atuante.Fundada em 2003, com objetivo de atender \u00e0s empresas no segmento industrial como : Siderurgia, Minera\u00e7\u00e3o, Automobil\u00edstico, Metalurgia e Constru\u00e7\u00e3o Civil.<\/p>\n<p>Atuamos no mercado como revenda\/assist\u00eancia t\u00e9cnica em ferramentas pneum\u00e1ticas at\u00e9 o ano de 2009. Em 2010, demos um passo muito importante para a hist\u00f3ria de nossa empresa e passamos a operar no mercado internacional na importa\u00e7\u00e3o e distribui\u00e7\u00e3o de ferramentas pneum\u00e1ticas.<\/p>\n<p>Hoje somos distribuidor autorizado Pneutrend no Brasil. Mantemos em nosso estoque, ferramentas e pe\u00e7as de reposi\u00e7\u00e3o \u00e0 fim de agilizarmos o atendimento aos nossos clientes. Estamos com a marca consolidada em nosso mercado, oferecendo produtos com novas tecnologias, mais ergon\u00f4micos, leves e condi\u00e7\u00f5es comerciais mais competitivas.<\/p>\n<p>Voc\u00ea que \u00e9 um cliente da Atual Ferramentas sabe o que fazemos para manter a sua satisfa\u00e7\u00e3o, caso n\u00e3o seja, saiba que ser\u00e1 um prazer em recebe-lo.<\/p>\n\n\t\t<\/div> <!-- .et_pb_text -->\n\t\t<\/div> <!-- .et_pb_column -->\n\t\t<\/div> <!-- .et_pb_row -->\n\t\t\t\n\t\t<\/div> <!-- .et_pb_section -->\n","protected":false},"excerpt":{"rendered":"","protected":false},"author":1,"featured_media":0,"parent":0,"menu_order":0,"comment_status":"closed","ping_status":"closed","template":"","meta":[],"_links":{"self":[{"href":"https:\/\/atualferramentas.com.br\/site\/wp-json\/wp\/v2\/pages\/666"}],"collection":[{"href":"https:\/\/atualferramentas.com.br\/site\/wp-json\/wp\/v2\/pages"}],"about":[{"href":"https:\/\/atualferramentas.com.br\/site\/wp-json\/wp\/v2\/types\/page"}],"author":[{"embeddable":true,"href":"https:\/\/atualferramentas.com.br\/site\/wp-json\/wp\/v2\/users\/1"}],"replies":[{"embeddable":true,"href":"https:\/\/atualferramentas.com.br\/site\/wp-json\/wp\/v2\/comments?post=666"}],"version-history":[{"count":9,"href":"https:\/\/atualferramentas.com.br\/site\/wp-json\/wp\/v2\/pages\/666\/revisions"}],"predecessor-version":[{"id":871,"href":"https:\/\/atualferramentas.com.br\/site\/wp-json\/wp\/v2\/pages\/666\/revisions\/871"}],"wp:attachment":[{"href":"https:\/\/atualferramentas.com.br\/site\/wp-json\/wp\/v2\/media?parent=666"}],"curies":[{"name":"wp","href":"https:\/\/api.w.org\/{rel}","templated":true}]}}