{"id":672,"date":"2012-08-13T13:47:16","date_gmt":"2012-08-13T13:47:16","guid":{"rendered":"http:\/\/atualferramentas.com.br\/novo\/?page_id=13"},"modified":"2015-06-02T12:48:14","modified_gmt":"2015-06-02T12:48:14","slug":"tabela-de-torque","status":"publish","type":"page","link":"https:\/\/atualferramentas.com.br\/site\/tabela-de-torque\/","title":{"rendered":"Tabela de Torque"},"content":{"rendered":"<table width=\"100\" border=\"0\" cellspacing=\"1\" cellpadding=\"1\">\n<tbody>\n<tr>\n<td><span style=\"color: #3366ff;\">Rosca<\/span><\/td>\n<td><span style=\"color: #3366ff;\">3.6<\/span><\/td>\n<td><span style=\"color: #3366ff;\">4.6<\/span><\/td>\n<td><span style=\"color: #3366ff;\">4.8<\/span><\/td>\n<td><span style=\"color: #3366ff;\">5.8<\/span><\/td>\n<td><span style=\"color: #3366ff;\">8.8<\/span><\/td>\n<td><span style=\"color: #3366ff;\">10.9<\/span><\/td>\n<td><span style=\"color: #3366ff;\">12.9<\/span><\/td>\n<td><span style=\"color: #3366ff;\">\u00a0<\/span><\/td>\n<td><span style=\"color: #3366ff;\">Rosca<\/span><\/td>\n<td><span style=\"color: #3366ff;\">4.6<\/span><\/td>\n<td><span style=\"color: #3366ff;\">4.8<\/span><\/td>\n<td><span style=\"color: #3366ff;\">5.8<\/span><\/td>\n<td><span style=\"color: #3366ff;\">8.8<\/span><\/td>\n<td><span style=\"color: #3366ff;\">10.9<\/span><\/td>\n<td><span style=\"color: #3366ff;\">12.9<\/span><\/td>\n<\/tr>\n<tr>\n<td>M1.16<\/td>\n<td>0.05<\/td>\n<td>0.065<\/td>\n<td>0.086<\/td>\n<td>0.11<\/td>\n<td>0.17<\/td>\n<td>0.24<\/td>\n<td>0.29<\/td>\n<td><\/td>\n<td>M14<\/td>\n<td>48<\/td>\n<td>58<\/td>\n<td>80<\/td>\n<td>128<\/td>\n<td>181<\/td>\n<td>217<\/td>\n<\/tr>\n<tr>\n<td>M2<\/td>\n<td>0.10<\/td>\n<td>0.13<\/td>\n<td>0.17<\/td>\n<td>0.22<\/td>\n<td>0.35<\/td>\n<td>0.49<\/td>\n<td>0.58<\/td>\n<td><\/td>\n<td>M16<\/td>\n<td>74<\/td>\n<td>88<\/td>\n<td>123<\/td>\n<td>197<\/td>\n<td>277<\/td>\n<td>333<\/td>\n<\/tr>\n<tr>\n<td>M2.2<\/td>\n<td>0.13<\/td>\n<td>0.17<\/td>\n<td>0.23<\/td>\n<td>0.29<\/td>\n<td>0.46<\/td>\n<td>0.64<\/td>\n<td>0.77<\/td>\n<td><\/td>\n<td>M18<\/td>\n<td>103<\/td>\n<td>121<\/td>\n<td>172<\/td>\n<td>275<\/td>\n<td>386<\/td>\n<td>463<\/td>\n<\/tr>\n<tr>\n<td>M2.5<\/td>\n<td>0.20<\/td>\n<td>0.20<\/td>\n<td>0.35<\/td>\n<td>0.44<\/td>\n<td>0.70<\/td>\n<td>0.98<\/td>\n<td>1.20<\/td>\n<td><\/td>\n<td>M20<\/td>\n<td>144<\/td>\n<td>170<\/td>\n<td>240<\/td>\n<td>385<\/td>\n<td>541<\/td>\n<td>649<\/td>\n<\/tr>\n<tr>\n<td>M3<\/td>\n<td>0.35<\/td>\n<td>0.46<\/td>\n<td>0.61<\/td>\n<td>0.77<\/td>\n<td>1.20<\/td>\n<td>1.70<\/td>\n<td>2.10<\/td>\n<td><\/td>\n<td>M22<\/td>\n<td>194<\/td>\n<td>230<\/td>\n<td>324<\/td>\n<td>518<\/td>\n<td>728<\/td>\n<td>874<\/td>\n<\/tr>\n<tr>\n<td>M3.5<\/td>\n<td>0.55<\/td>\n<td>0.73<\/td>\n<td>0.97<\/td>\n<td>1.20<\/td>\n<td>1.91<\/td>\n<td>2.70<\/td>\n<td>3.30<\/td>\n<td><\/td>\n<td>M24<\/td>\n<td>249<\/td>\n<td>295<\/td>\n<td>416<\/td>\n<td>665<\/td>\n<td>935<\/td>\n<td>1120<\/td>\n<\/tr>\n<tr>\n<td>M4<\/td>\n<td>0.81<\/td>\n<td>1.10<\/td>\n<td>1.40<\/td>\n<td>1.80<\/td>\n<td>2.90<\/td>\n<td>4.00<\/td>\n<td>4.90<\/td>\n<td><\/td>\n<td>M27<\/td>\n<td>360<\/td>\n<td>435<\/td>\n<td>600<\/td>\n<td>961<\/td>\n<td>1350<\/td>\n<td>1620<\/td>\n<\/tr>\n<tr>\n<td>M5<\/td>\n<td>0.60<\/td>\n<td>2.20<\/td>\n<td>2.95<\/td>\n<td>3.60<\/td>\n<td>5.70<\/td>\n<td>8.10<\/td>\n<td>9.70<\/td>\n<td><\/td>\n<td>M30<\/td>\n<td>492<\/td>\n<td>590<\/td>\n<td>819<\/td>\n<td>1310<\/td>\n<td>1840<\/td>\n<td>2210<\/td>\n<\/tr>\n<tr>\n<td>M6<\/td>\n<td>2.80<\/td>\n<td>3.70<\/td>\n<td>4.90<\/td>\n<td>6.10<\/td>\n<td>9.80<\/td>\n<td>14.0<\/td>\n<td>17.0<\/td>\n<td><\/td>\n<td>M36<\/td>\n<td>855<\/td>\n<td>1030<\/td>\n<td>1420<\/td>\n<td>2280<\/td>\n<td>3210<\/td>\n<td>3850<\/td>\n<\/tr>\n<tr>\n<td>M18<\/td>\n<td><\/td>\n<td>8.90<\/td>\n<td>10.50<\/td>\n<td>15.0<\/td>\n<td>24.0<\/td>\n<td>33.0<\/td>\n<td>40.0<\/td>\n<td><\/td>\n<td>M42<\/td>\n<td>1360<\/td>\n<td><\/td>\n<td>2270<\/td>\n<td>3640<\/td>\n<td>5110<\/td>\n<td>6140<\/td>\n<\/tr>\n<tr>\n<td>M10<\/td>\n<td><\/td>\n<td>17.0<\/td>\n<td>21.0<\/td>\n<td>29.0<\/td>\n<td>47.0<\/td>\n<td>65.0<\/td>\n<td>79.0<\/td>\n<td><\/td>\n<td>M45<\/td>\n<td>1690<\/td>\n<td><\/td>\n<td>2820<\/td>\n<td>4510<\/td>\n<td>6340<\/td>\n<td>7610<\/td>\n<\/tr>\n<tr>\n<td>M12<\/td>\n<td><\/td>\n<td>30.0<\/td>\n<td>36.0<\/td>\n<td>51.0<\/td>\n<td>81.0<\/td>\n<td>114.0<\/td>\n<td>136.0<\/td>\n<td><\/td>\n<td>M48<\/td>\n<td>2040<\/td>\n<td><\/td>\n<td>3400<\/td>\n<td>5450<\/td>\n<td>7660<\/td>\n<td>9190<\/td>\n<\/tr>\n<\/tbody>\n<\/table>\n<p>&nbsp;<\/p>\n<p>*Tabela de aplica\u00e7\u00e3o de torque em, de acordo com a classifica\u00e7\u00e3o de dureza do parafuso. Norma ISO 898\/1.<\/p>\n","protected":false},"excerpt":{"rendered":"<p>Rosca 3.6 4.6 4.8 5.8 8.8 10.9 12.9 \u00a0 Rosca 4.6 4.8 5.8 8.8 10.9 12.9 M1.16 0.05 0.065 0.086 0.11 0.17 0.24 0.29 M14 48 58 80 128 181 217 M2 0.10 0.13 0.17 0.22 0.35 0.49 0.58 M16 74 88 123 197 277 333 M2.2 0.13 0.17 0.23 0.29 0.46 0.64 0.77 M18 103 121 172 275 386 463 M2.5 0.20 0.20 0.35 0.44 0.70 0.98 1.20 M20 144 170 240 385 541 649 M3 0.35 0.46 0.61 0.77 1.20 1.70 2.10 M22 194 230 324 518 728 874 M3.5 0.55 0.73 0.97 1.20 1.91 2.70 3.30 M24 249 295 416 665 935 1120 M4 0.81 1.10 1.40 [&hellip;]<\/p>\n","protected":false},"author":1,"featured_media":0,"parent":0,"menu_order":0,"comment_status":"closed","ping_status":"closed","template":"","meta":[],"_links":{"self":[{"href":"https:\/\/atualferramentas.com.br\/site\/wp-json\/wp\/v2\/pages\/672"}],"collection":[{"href":"https:\/\/atualferramentas.com.br\/site\/wp-json\/wp\/v2\/pages"}],"about":[{"href":"https:\/\/atualferramentas.com.br\/site\/wp-json\/wp\/v2\/types\/page"}],"author":[{"embeddable":true,"href":"https:\/\/atualferramentas.com.br\/site\/wp-json\/wp\/v2\/users\/1"}],"replies":[{"embeddable":true,"href":"https:\/\/atualferramentas.com.br\/site\/wp-json\/wp\/v2\/comments?post=672"}],"version-history":[{"count":1,"href":"https:\/\/atualferramentas.com.br\/site\/wp-json\/wp\/v2\/pages\/672\/revisions"}],"predecessor-version":[{"id":814,"href":"https:\/\/atualferramentas.com.br\/site\/wp-json\/wp\/v2\/pages\/672\/revisions\/814"}],"wp:attachment":[{"href":"https:\/\/atualferramentas.com.br\/site\/wp-json\/wp\/v2\/media?parent=672"}],"curies":[{"name":"wp","href":"https:\/\/api.w.org\/{rel}","templated":true}]}}