{"id":768,"date":"2015-06-01T01:07:18","date_gmt":"2015-06-01T01:07:18","guid":{"rendered":"http:\/\/atualferramentas.com.br\/site\/?post_type=product&#038;p=768"},"modified":"2015-06-01T01:07:27","modified_gmt":"2015-06-01T01:07:27","slug":"rebitador-pneumatico-82126-pneutrend","status":"publish","type":"product","link":"https:\/\/atualferramentas.com.br\/site\/produto\/rebitador-pneumatico-82126-pneutrend\/","title":{"rendered":"Rebitador Pneumatico 82126 Pneutrend"},"content":{"rendered":"","protected":false},"excerpt":{"rendered":"<p><b>Modelo:<\/b> 82126 \u00a0Pneutrend<br \/>\n<b>Descri\u00e7\u00e3o:<\/b> Rebitador Pneum\u00e1tico 3\/16 &#8221;<br \/>\n<b>Capacidade de defini\u00e7\u00e3o de Rebite:<\/b> 2,4 ~ 4,8 mm (3\/32 &#8220;~ 3\/16&#8221;)<br \/>\n<b>Pot\u00eancia de tra\u00e7\u00e3o:<\/b> 818 kg (1800 libras)<br \/>\n<b>Curso:<\/b> 14 mm (0,551 &#8220;)<\/p>\n<p><b>Rebitador Pneumatico 82126<\/b><\/p>\n<p>**************************************<\/p>\n<p>Rivet Capacidade Ambiente: 2,4 ~ 4,8 mil\u00edmetros\u00a0 (3\/32 &#8220;~ 3\/16&#8221;)<br \/>\nPot\u00eancia de trac\u00e7\u00e3o: 818 kg (1800 libras)<br \/>\nCurso: 14 mm (0,551 &#8220;)<br \/>\nEntrada de Ar: 1\/4 &#8221;<br \/>\nTamanho da mangueira: 3\/8 &#8221;<br \/>\nConsumo de ar por Golpe: 0,55 CFM<br \/>\nVibra\u00e7\u00e3o: &lt;2,5 ms2<br \/>\nComprimento: 270 mm (10,63 &#8220;)<br \/>\nPeso: 1,8 kg (4,0 lbs)<\/p>\n","protected":false},"featured_media":769,"comment_status":"closed","ping_status":"closed","template":"","meta":[],"product_cat":[23],"product_tag":[],"_links":{"self":[{"href":"https:\/\/atualferramentas.com.br\/site\/wp-json\/wp\/v2\/product\/768"}],"collection":[{"href":"https:\/\/atualferramentas.com.br\/site\/wp-json\/wp\/v2\/product"}],"about":[{"href":"https:\/\/atualferramentas.com.br\/site\/wp-json\/wp\/v2\/types\/product"}],"replies":[{"embeddable":true,"href":"https:\/\/atualferramentas.com.br\/site\/wp-json\/wp\/v2\/comments?post=768"}],"wp:featuredmedia":[{"embeddable":true,"href":"https:\/\/atualferramentas.com.br\/site\/wp-json\/wp\/v2\/media\/769"}],"wp:attachment":[{"href":"https:\/\/atualferramentas.com.br\/site\/wp-json\/wp\/v2\/media?parent=768"}],"wp:term":[{"taxonomy":"product_cat","embeddable":true,"href":"https:\/\/atualferramentas.com.br\/site\/wp-json\/wp\/v2\/product_cat?post=768"},{"taxonomy":"product_tag","embeddable":true,"href":"https:\/\/atualferramentas.com.br\/site\/wp-json\/wp\/v2\/product_tag?post=768"}],"curies":[{"name":"wp","href":"https:\/\/api.w.org\/{rel}","templated":true}]}}